{"id":100,"date":"2017-08-29T16:40:38","date_gmt":"2017-08-29T16:40:38","guid":{"rendered":"http:\/\/csepregi.hu\/de\/?page_id=100"},"modified":"2019-02-01T12:46:22","modified_gmt":"2019-02-01T12:46:22","slug":"uj-haz-verbund","status":"publish","type":"page","link":"http:\/\/csepregi.hu\/de\/","title":{"rendered":"&#8220;Qualit\u00e4tsprodukte, breite Auswahl. Immer h\u00f6fliche, und freundliche Beratung. Ich freue mich, dass man in Tam\u00e1si eine M\u00f6glichkeit hat, aus so vielen Qualit\u00e4tsprodukten zu w\u00e4hlen.&#8221;"},"content":{"rendered":"<p>[et_pb_section bb_built=&#8221;1&#8243; admin_label=&#8221;section&#8221;][et_pb_row admin_label=&#8221;row&#8221;][et_pb_column type=&#8221;2_3&#8243;][et_pb_text admin_label=&#8221;Sz\u00f6veg&#8221; background_layout=&#8221;light&#8221; text_orientation=&#8221;left&#8221; use_border_color=&#8221;off&#8221; border_color=&#8221;#ffffff&#8221; border_style=&#8221;solid&#8221;]<\/p>\n<div class=\"kivonat\" style=\"text-align: justify;\">Csepregi es Tarsa Kft ist Mitglied im Uj Haz-Verbund<\/div>\n<div class=\"kivonat\" style=\"text-align: justify;\">&nbsp;<\/div>\n<div class=\"kivonat\" style=\"text-align: justify;\">G\u00fcnstige Preise und qualitative hochwertige Beratung sind selbstverst\u00e4ndlich beim Baustoffhandel Csepregi. Der Beitritt in den Uj Haz &#8211; Verbund war ein weiterer Schritt der Qualit\u00e4tssicherung im Interesse unserer Kunden.<\/div>\n<div class=\"tartalom\">\n<div style=\"text-align: justify;\" align=\"justify\">\n<p>&nbsp;<\/p>\n<p>Der Uj Haz &#8211; Verbund besteht seit nunmehr 10 Jahren. Das Ziel, die Zusammenarbeit von Herstellern und H\u00e4ndlern im Interesse der Kunden zu f\u00f6rdern, wird von diesem Verbund mittlerweile von 42 Mitgliedsbetrieben erfolgreich umgesetzt und es k\u00f6nnen stets die entstehenden synergetischen Effekte genutzt werden. Der Erfolg des Verbunds besteht darin, dass f\u00fcr unterschiedliche Bed\u00fcrfnisse gute und individuelle L\u00f6sungen gefunden werden.<br \/>\nF\u00fcr unsere europaweit bekannten Hersteller von Baumaterialien bedeutet die Mitgliedschaft in unserem Verbund vor allem Sicherheit: die Aufnahme ist an strenge Pr\u00fcfkriterien gebunden, durch die Mitgliedschaft im Verbund entfallen finanzielle Risiken und eventuelle &#8211; in der Bauwirtschaft durchaus vorkommende &#8211; gegenseitige Verpflichtungen. Daneben k\u00f6nnen neue M\u00e4rkte erschlossen werden.<br \/>\nVon den Vorteilen profitieren jedoch nicht nur die Mitglieder des Verbunds, sondern auch Sie als unsere Kunden. Csepregi es Tarsa Kft. hat sich daher gerne dem Verbund angeschlossen, denn es werden Baustoffe zu den regional g\u00fcnstigsten Preisen angeboten.<br \/>\nDie Mitgliedschaft im Verbund ist ein herausragendes Qualit\u00e4tsmerkmal, denn neben den strengen Pr\u00fcfkriterien f\u00fcr die Aufnahme ist auch stets sicher gestellt, dass die Kunden \u00fcber unsere Aktionen und Sonderangebote regelm\u00e4\u00dfig mittels Werbeprospekt informierten werden.<br \/>\nWie erkennt man die Mitglieder des Uj Haz Centrum Verbundes? Vor allem an einheitlichen Erscheinungsbild, an der freundlichen Beratung, den hochwertigen Produkten und den g\u00fcnstigen Preisen!<\/p>\n<\/div>\n<p style=\"text-align: justify;\"><strong>Besuchen Sie uns und \u00fcberzeugen Sie sich pers\u00f6nlich von unserem Angebot!<\/strong><\/p>\n<\/div>\n<p>[\/et_pb_text][\/et_pb_column][et_pb_column type=&#8221;1_3&#8243;][et_pb_image admin_label=&#8221;K\u00e9p&#8221; src=&#8221;http:\/\/csepregi.hu\/de\/wp-content\/uploads\/sites\/2\/2017\/08\/honlap_csj.jpg&#8221; show_in_lightbox=&#8221;off&#8221; url_new_window=&#8221;off&#8221; use_overlay=&#8221;off&#8221; animation=&#8221;left&#8221; sticky=&#8221;off&#8221; align=&#8221;left&#8221; force_fullwidth=&#8221;off&#8221; always_center_on_mobile=&#8221;on&#8221; use_border_color=&#8221;off&#8221; border_color=&#8221;#ffffff&#8221; border_style=&#8221;solid&#8221; \/][\/et_pb_column][\/et_pb_row][\/et_pb_section]<\/p>\n","protected":false},"excerpt":{"rendered":"<p>Csepregi es Tarsa Kft ist Mitglied im Uj Haz-Verbund&#8230;<\/p>\n","protected":false},"author":1,"featured_media":0,"parent":0,"menu_order":0,"comment_status":"closed","ping_status":"closed","template":"","meta":{"_et_pb_use_builder":"on","_et_pb_old_content":"","_et_gb_content_width":"","_monsterinsights_skip_tracking":false,"_monsterinsights_sitenote_active":false,"_monsterinsights_sitenote_note":"","_monsterinsights_sitenote_category":0,"ngg_post_thumbnail":0},"_links":{"self":[{"href":"http:\/\/csepregi.hu\/de\/wp-json\/wp\/v2\/pages\/100"}],"collection":[{"href":"http:\/\/csepregi.hu\/de\/wp-json\/wp\/v2\/pages"}],"about":[{"href":"http:\/\/csepregi.hu\/de\/wp-json\/wp\/v2\/types\/page"}],"author":[{"embeddable":true,"href":"http:\/\/csepregi.hu\/de\/wp-json\/wp\/v2\/users\/1"}],"replies":[{"embeddable":true,"href":"http:\/\/csepregi.hu\/de\/wp-json\/wp\/v2\/comments?post=100"}],"version-history":[{"count":6,"href":"http:\/\/csepregi.hu\/de\/wp-json\/wp\/v2\/pages\/100\/revisions"}],"predecessor-version":[{"id":111,"href":"http:\/\/csepregi.hu\/de\/wp-json\/wp\/v2\/pages\/100\/revisions\/111"}],"wp:attachment":[{"href":"http:\/\/csepregi.hu\/de\/wp-json\/wp\/v2\/media?parent=100"}],"curies":[{"name":"wp","href":"https:\/\/api.w.org\/{rel}","templated":true}]}}