{"id":106,"date":"2017-08-31T19:02:33","date_gmt":"2017-08-31T19:02:33","guid":{"rendered":"http:\/\/csepregi.hu\/en\/?page_id=106"},"modified":"2017-11-27T08:50:18","modified_gmt":"2017-11-27T08:50:18","slug":"quality-products-tasteful-and-large-selection-every-time-patient-and-kind-service","status":"publish","type":"page","link":"https:\/\/csepregi.hu\/en\/","title":{"rendered":"&#8220;Quality products, tasteful and large selection, every time patient and kind service!&#8221;"},"content":{"rendered":"<p>[et_pb_section bb_built=&#8221;1&#8243; admin_label=&#8221;section&#8221;][et_pb_row admin_label=&#8221;row&#8221;][et_pb_column type=&#8221;2_3&#8243;][et_pb_text admin_label=&#8221;Text&#8221; background_layout=&#8221;light&#8221; text_orientation=&#8221;left&#8221; use_border_color=&#8221;off&#8221; border_color=&#8221;#ffffff&#8221; border_style=&#8221;solid&#8221;]<\/p>\n<p style=\"text-align: justify;\">The Csepregi \u00e9s T\u00e1rsa Kft. has become a member of the \u00daj H\u00e1z Centrum!<\/p>\n<p style=\"text-align: justify;\">Dear Builders and Restorers,<\/p>\n<p style=\"text-align: justify;\">Every single purchase during our life means that we have to make a decision. Which brand should we trust? How much money can we spend on it? Should we consider quality or price? There are a lot of aspects we need to take into consideration. It doesn\u2019t matter when we buy washing powder or yoghurt, since if we are not satisfied with the product, we will choose<br \/>\nanother brand next time. However, purchasing an item for the construction or renovation of your property requires a long-term decision! When you buy building materials, you always need to be thoughtful, it is worth asking for expert advice. \u00dajH\u00c1Z Centrum, the biggest&nbsp;building material commercial network in Hungary gives you all the help to make this decision.<\/p>\n<p style=\"text-align: justify;\">Why is it worth deciding on \u00daj H\u00c1Z Centrum? The answer is only one word: trust. Trust in an enterprise, which has got all the professional expertise of one and a half decades! Trust in our more than 80 stores, all of which are in Hungarian ownership, and in which helpful staff with great expertise help you make the right decision! Trust in our wide selection of offers, in the quality products of well-known producers, as well as in our favourable prices and discounts! At last but not least trust in a building material commercial network, which has been honoured with the MagyarBrands and the Business Superbrands Awards.<\/p>\n<p style=\"text-align: justify;\">The decision was made by a committee comprising independent experts. We hope to greet you in one of our stores in the near future and that we can find the best solution whether you are building or renovating your home. Until then please take a look at our latest catalogue with our updated offers.<\/p>\n<p>[\/et_pb_text][\/et_pb_column][et_pb_column type=&#8221;1_3&#8243;][et_pb_image admin_label=&#8221;Image&#8221; src=&#8221;http:\/\/csepregi.hu\/en\/wp-content\/uploads\/sites\/3\/2017\/08\/honlap_csj.jpg&#8221; show_in_lightbox=&#8221;off&#8221; url_new_window=&#8221;off&#8221; use_overlay=&#8221;off&#8221; animation=&#8221;left&#8221; sticky=&#8221;off&#8221; align=&#8221;left&#8221; force_fullwidth=&#8221;off&#8221; always_center_on_mobile=&#8221;on&#8221; use_border_color=&#8221;off&#8221; border_color=&#8221;#ffffff&#8221; border_style=&#8221;solid&#8221; \/][\/et_pb_column][\/et_pb_row][\/et_pb_section]<\/p>\n","protected":false},"excerpt":{"rendered":"<p>The Csepregi \u00e9s T\u00e1rsa Kft. has become a member of the&#8230;<\/p>\n","protected":false},"author":1,"featured_media":0,"parent":0,"menu_order":0,"comment_status":"closed","ping_status":"closed","template":"","meta":{"_et_pb_use_builder":"on","_et_pb_old_content":"","_et_gb_content_width":"","_monsterinsights_skip_tracking":false,"_monsterinsights_sitenote_active":false,"_monsterinsights_sitenote_note":"","_monsterinsights_sitenote_category":0,"ngg_post_thumbnail":0},"_links":{"self":[{"href":"https:\/\/csepregi.hu\/en\/wp-json\/wp\/v2\/pages\/106"}],"collection":[{"href":"https:\/\/csepregi.hu\/en\/wp-json\/wp\/v2\/pages"}],"about":[{"href":"https:\/\/csepregi.hu\/en\/wp-json\/wp\/v2\/types\/page"}],"author":[{"embeddable":true,"href":"https:\/\/csepregi.hu\/en\/wp-json\/wp\/v2\/users\/1"}],"replies":[{"embeddable":true,"href":"https:\/\/csepregi.hu\/en\/wp-json\/wp\/v2\/comments?post=106"}],"version-history":[{"count":6,"href":"https:\/\/csepregi.hu\/en\/wp-json\/wp\/v2\/pages\/106\/revisions"}],"predecessor-version":[{"id":114,"href":"https:\/\/csepregi.hu\/en\/wp-json\/wp\/v2\/pages\/106\/revisions\/114"}],"wp:attachment":[{"href":"https:\/\/csepregi.hu\/en\/wp-json\/wp\/v2\/media?parent=106"}],"curies":[{"name":"wp","href":"https:\/\/api.w.org\/{rel}","templated":true}]}}